{"id":532,"date":"2016-10-20T10:06:42","date_gmt":"2016-10-20T08:06:42","guid":{"rendered":"https:\/\/mafertelecom.com\/?page_id=532"},"modified":"2023-07-26T08:15:53","modified_gmt":"2023-07-26T06:15:53","slug":"bideozaintza-2-2","status":"publish","type":"page","link":"https:\/\/www.mafertelecom.com\/eu\/bideozaintza-2-2\/","title":{"rendered":"Bideozaintza_antigua"},"content":{"rendered":"<p><div class=\"fusion-fullwidth fullwidth-box fusion-builder-row-1 fusion-flex-container nonhundred-percent-fullwidth non-hundred-percent-height-scrolling\" style=\"--awb-background-position:left top;--awb-border-radius-top-left:0px;--awb-border-radius-top-right:0px;--awb-border-radius-bottom-right:0px;--awb-border-radius-bottom-left:0px;--awb-padding-top:20px;--awb-padding-right:0px;--awb-padding-bottom:20px;--awb-padding-left:0px;--awb-border-sizes-top:0px;--awb-border-sizes-bottom:0px;--awb-flex-wrap:wrap;\" ><div class=\"fusion-builder-row fusion-row fusion-flex-align-items-flex-start fusion-flex-content-wrap\" style=\"max-width:1144px;margin-left: calc(-4% \/ 2 );margin-right: calc(-4% \/ 2 );\"><div class=\"fusion-layout-column fusion_builder_column fusion-builder-column-0 fusion_builder_column_1_2 1_2 fusion-flex-column\" style=\"--awb-bg-size:cover;--awb-width-large:50%;--awb-margin-top-large:0px;--awb-spacing-right-large:3.84%;--awb-margin-bottom-large:20px;--awb-spacing-left-large:3.84%;--awb-width-medium:50%;--awb-spacing-right-medium:3.84%;--awb-spacing-left-medium:3.84%;--awb-width-small:100%;--awb-spacing-right-small:1.92%;--awb-spacing-left-small:1.92%;\"><div class=\"fusion-column-wrapper fusion-flex-justify-content-flex-start fusion-content-layout-column\"><div class=\"fusion-text fusion-text-1\"><h2>Bideozaintza, segurtasun-kamerak<\/h2>\n<p>Gaur egun bideoatezain-sistemak eta lapurreta bezala gertakariak, lapurretak, erasoak eta egintza bandalikoak saihesteko bideozaintza jarriz etxeetako segurtasuna indartzeak eskatzen du. Mafer-ek segurtasun-kamera instalazioa eta Bilbo Handiko bideozaintza egiten ditu.<\/p>\n<p>Atariko kamera instalazioaren eta gure etxebizitzako edo komunitateko eskaileren bitartez gure segurtasuna eta gure familiarena indartzen ditugu.<\/p>\n<\/div><\/div><\/div><div class=\"fusion-layout-column fusion_builder_column fusion-builder-column-1 fusion_builder_column_1_2 1_2 fusion-flex-column\" style=\"--awb-bg-size:cover;--awb-width-large:50%;--awb-margin-top-large:0px;--awb-spacing-right-large:3.84%;--awb-margin-bottom-large:20px;--awb-spacing-left-large:3.84%;--awb-width-medium:50%;--awb-spacing-right-medium:3.84%;--awb-spacing-left-medium:3.84%;--awb-width-small:100%;--awb-spacing-right-small:1.92%;--awb-spacing-left-small:1.92%;\"><div class=\"fusion-column-wrapper fusion-flex-justify-content-flex-start fusion-content-layout-column\"><div class=\"fusion-image-element \" style=\"--awb-caption-title-font-family:var(--h2_typography-font-family);--awb-caption-title-font-weight:var(--h2_typography-font-weight);--awb-caption-title-font-style:var(--h2_typography-font-style);--awb-caption-title-size:var(--h2_typography-font-size);--awb-caption-title-transform:var(--h2_typography-text-transform);--awb-caption-title-line-height:var(--h2_typography-line-height);--awb-caption-title-letter-spacing:var(--h2_typography-letter-spacing);\"><span class=\" fusion-imageframe imageframe-none imageframe-1 hover-type-none\"><img decoding=\"async\" alt=\"VideoVigilancia\" src=\"https:\/\/mafertelecom.com\/wp-content\/uploads\/videovigilancia.jpg\" class=\"img-responsive\"\/><\/span><\/div><\/div><\/div><\/div><\/div><div class=\"fusion-fullwidth fullwidth-box fusion-builder-row-2 fusion-flex-container hundred-percent-fullwidth non-hundred-percent-height-scrolling\" style=\"--awb-border-radius-top-left:0px;--awb-border-radius-top-right:0px;--awb-border-radius-bottom-right:0px;--awb-border-radius-bottom-left:0px;--awb-overflow:visible;--awb-margin-bottom:20px;--awb-background-color:rgba(255,255,255,0);--awb-flex-wrap:wrap;\" ><div class=\"fusion-builder-row fusion-row fusion-flex-align-items-flex-start fusion-flex-content-wrap\" style=\"width:calc( 100% + 0px ) !important;max-width:calc( 100% + 0px ) !important;margin-left: calc(-0px \/ 2 );margin-right: calc(-0px \/ 2 );\"><div class=\"fusion-layout-column fusion_builder_column fusion-builder-column-2 fusion_builder_column_1_1 1_1 fusion-flex-column fusion-flex-align-self-flex-start fusion-column-no-min-height\" style=\"--awb-bg-size:cover;--awb-width-large:100%;--awb-margin-top-large:0px;--awb-spacing-right-large:0px;--awb-margin-bottom-large:0px;--awb-spacing-left-large:0px;--awb-width-medium:100%;--awb-spacing-right-medium:0px;--awb-spacing-left-medium:0px;--awb-width-small:100%;--awb-spacing-right-small:0px;--awb-spacing-left-small:0px;\"><div class=\"fusion-column-wrapper fusion-flex-justify-content-flex-start fusion-content-layout-column\"><div class=\"fusion-separator fusion-full-width-sep\" style=\"align-self: center;margin-left: auto;margin-right: auto;width:100%;\"><div class=\"fusion-separator-border sep-single sep-solid\" style=\"--awb-height:20px;--awb-amount:20px;--awb-sep-color:#eaeaea;border-color:#eaeaea;border-top-width:1px;\"><\/div><\/div><\/div><\/div><\/div><\/div><div class=\"fusion-fullwidth fullwidth-box fusion-builder-row-3 fusion-flex-container nonhundred-percent-fullwidth non-hundred-percent-height-scrolling\" style=\"--awb-background-position:left top;--awb-border-radius-top-left:0px;--awb-border-radius-top-right:0px;--awb-border-radius-bottom-right:0px;--awb-border-radius-bottom-left:0px;--awb-padding-top:20px;--awb-padding-right:0px;--awb-padding-bottom:0px;--awb-padding-left:0px;--awb-flex-wrap:wrap;\" ><div class=\"fusion-builder-row fusion-row fusion-flex-align-items-flex-start fusion-flex-content-wrap\" style=\"max-width:calc( 1100px + 0px );margin-left: calc(-0px \/ 2 );margin-right: calc(-0px \/ 2 );\"><div class=\"fusion-layout-column fusion_builder_column fusion-builder-column-3 fusion_builder_column_1_1 1_1 fusion-flex-column fusion-flex-align-self-flex-start fusion-column-no-min-height\" style=\"--awb-bg-size:cover;--awb-width-large:100%;--awb-margin-top-large:0px;--awb-spacing-right-large:0px;--awb-margin-bottom-large:0px;--awb-spacing-left-large:0px;--awb-width-medium:100%;--awb-spacing-right-medium:0px;--awb-spacing-left-medium:0px;--awb-width-small:100%;--awb-spacing-right-small:0px;--awb-spacing-left-small:0px;\"><div class=\"fusion-column-wrapper fusion-flex-justify-content-flex-start fusion-content-layout-column\"><style type='text\/css'>.reading-box-container-1 .element-bottomshadow:before,.reading-box-container-1 .element-bottomshadow:after{opacity:0.7;}<\/style><div class=\"fusion-reading-box-container reading-box-container-1\" style=\"--awb-title-color:#333333;--awb-margin-top:0px;--awb-margin-bottom:20px;\"><div class=\"reading-box\" style=\"background-color:title=;border-width:1px;border-color:#f6f6f6;border-left-width:3px;border-left-color:var(--primary_color);border-style:solid;\"><h2>Informa zaitez instalazioari edo bideoatezain-mantenuari buruz<\/h2><div class=\"reading-box-additional fusion-reading-box-additional\"><span style=\"font-size: 1.3em; font-weight: bold; line-height: 2em;\">Informazioa jaso dezan konpromisorik gabe <a class=\"teltag\"  href=\"tel:+34944476364\">94 447 63 64<\/a>-ra dei dezan orain<\/span><\/div><div class=\"fusion-clearfix\"><\/div><\/div><\/div><\/div><\/div><\/div><\/div><div class=\"fusion-fullwidth fullwidth-box fusion-builder-row-4 fusion-flex-container nonhundred-percent-fullwidth non-hundred-percent-height-scrolling\" style=\"--awb-background-position:left top;--awb-border-radius-top-left:0px;--awb-border-radius-top-right:0px;--awb-border-radius-bottom-right:0px;--awb-border-radius-bottom-left:0px;--awb-padding-top:0px;--awb-padding-right:0px;--awb-padding-bottom:20px;--awb-padding-left:0px;--awb-border-sizes-top:0px;--awb-border-sizes-bottom:0px;--awb-flex-wrap:wrap;\" ><div class=\"fusion-builder-row fusion-row fusion-flex-align-items-stretch fusion-flex-content-wrap\" style=\"max-width:1144px;margin-left: calc(-4% \/ 2 );margin-right: calc(-4% \/ 2 );\"><div class=\"fusion-layout-column fusion_builder_column fusion-builder-column-4 fusion_builder_column_1_2 1_2 fusion-flex-column\" style=\"--awb-bg-size:cover;--awb-width-large:50%;--awb-margin-top-large:0px;--awb-spacing-right-large:3.84%;--awb-margin-bottom-large:20px;--awb-spacing-left-large:3.84%;--awb-width-medium:50%;--awb-spacing-right-medium:3.84%;--awb-spacing-left-medium:3.84%;--awb-width-small:100%;--awb-spacing-right-small:1.92%;--awb-spacing-left-small:1.92%;\"><div class=\"fusion-column-wrapper fusion-flex-justify-content-flex-start fusion-content-layout-column\"><div class=\"fusion-title title fusion-title-1 fusion-title-text fusion-title-size-three\"><div class=\"title-sep-container title-sep-container-left fusion-no-large-visibility fusion-no-medium-visibility fusion-no-small-visibility\"><div class=\"title-sep sep-double sep-solid\" style=\"border-color:#e0dede;\"><\/div><\/div><span class=\"awb-title-spacer fusion-no-large-visibility fusion-no-medium-visibility fusion-no-small-visibility\"><\/span><h3 class=\"fusion-title-heading title-heading-left fusion-responsive-typography-calculated\" style=\"margin:0;--fontSize:16;--minFontSize:16;line-height:1.5;\">Segurtasun handiagoa<\/h3><span class=\"awb-title-spacer\"><\/span><div class=\"title-sep-container title-sep-container-right\"><div class=\"title-sep sep-double sep-solid\" style=\"border-color:#e0dede;\"><\/div><\/div><\/div><div class=\"fusion-text fusion-text-2\"><p><img decoding=\"async\" class=\"alignleft size-full wp-image-205\" src=\"https:\/\/mafertelecom.com\/wp-content\/uploads\/camaras24h.png\" alt=\"camaras24h\" width=\"168\" height=\"242\" \/><\/p>\n<p>Bideozaintza-sistemaren eta kartel batean zeharreko bereko iragarkiaren bitartez, uxatzen ditu lapurrak edo ez desiratutako beste pertsona batzuk, etxebizitzetara eta eskaileretara sartzen direnak.\u00a0Balio du ere egintza bandalikoak, behar ez bezalako hondatzea eta atarian eta eskaileran hondatzeak uxatzeko.<\/p>\n<\/div><\/div><\/div><div class=\"fusion-layout-column fusion_builder_column fusion-builder-column-5 fusion_builder_column_1_2 1_2 fusion-flex-column\" style=\"--awb-bg-size:cover;--awb-width-large:50%;--awb-margin-top-large:0px;--awb-spacing-right-large:3.84%;--awb-margin-bottom-large:20px;--awb-spacing-left-large:3.84%;--awb-width-medium:50%;--awb-spacing-right-medium:3.84%;--awb-spacing-left-medium:3.84%;--awb-width-small:100%;--awb-spacing-right-small:1.92%;--awb-spacing-left-small:1.92%;\"><div class=\"fusion-column-wrapper fusion-flex-justify-content-flex-start fusion-content-layout-column\"><div class=\"fusion-title title fusion-title-2 fusion-title-text fusion-title-size-three\"><div class=\"title-sep-container title-sep-container-left fusion-no-large-visibility fusion-no-medium-visibility fusion-no-small-visibility\"><div class=\"title-sep sep-double sep-solid\" style=\"border-color:#e0dede;\"><\/div><\/div><span class=\"awb-title-spacer fusion-no-large-visibility fusion-no-medium-visibility fusion-no-small-visibility\"><\/span><h3 class=\"fusion-title-heading title-heading-left fusion-responsive-typography-calculated\" style=\"margin:0;--fontSize:16;--minFontSize:16;line-height:1.5;\">CCTV-a Kamerak<\/h3><span class=\"awb-title-spacer\"><\/span><div class=\"title-sep-container title-sep-container-right\"><div class=\"title-sep sep-double sep-solid\" style=\"border-color:#e0dede;\"><\/div><\/div><\/div><div class=\"fusion-text fusion-text-3\"><p><img decoding=\"async\" class=\"alignleft wp-image-210 size-thumbnail\" src=\"https:\/\/mafertelecom.com\/wp-content\/uploads\/tipos-de-camaras-seguridad-150x150.jpg\" alt=\"tipos de camaras seguridad\" width=\"150\" height=\"150\" srcset=\"https:\/\/www.mafertelecom.com\/wp-content\/uploads\/tipos-de-camaras-seguridad-66x66.jpg 66w, https:\/\/www.mafertelecom.com\/wp-content\/uploads\/tipos-de-camaras-seguridad-150x150.jpg 150w, https:\/\/www.mafertelecom.com\/wp-content\/uploads\/tipos-de-camaras-seguridad.jpg 238w\" sizes=\"(max-width: 150px) 100vw, 150px\" \/>CCTV-a kamera esanahia ingelesetik dator eta \u201ctelebistako zirkuitu itxia\u201d esan nahi du.<\/p>\n<p>Bada bat edo zirkuitu itxian konektatutako zainketa kamera gehiago, kamerak grabatutako irudiak ez direla transmititzen dio zein baizik biltegiragailuan biltegiratzen dute.<\/p>\n<p>Irudiak biltegiratzen dira hortaz nahiz eta kamerak hondatu, grabatutako materialak sartzen erraz egoten jarraituko du.<\/p>\n<\/div><\/div><\/div><\/div><\/div><div class=\"fusion-fullwidth fullwidth-box fusion-builder-row-5 fusion-flex-container nonhundred-percent-fullwidth non-hundred-percent-height-scrolling\" style=\"--awb-background-position:left top;--awb-border-radius-top-left:0px;--awb-border-radius-top-right:0px;--awb-border-radius-bottom-right:0px;--awb-border-radius-bottom-left:0px;--awb-padding-top:0px;--awb-padding-right:0px;--awb-padding-bottom:20px;--awb-padding-left:0px;--awb-border-sizes-top:0px;--awb-border-sizes-bottom:0px;--awb-flex-wrap:wrap;\" ><div class=\"fusion-builder-row fusion-row fusion-flex-align-items-stretch fusion-flex-content-wrap\" style=\"max-width:1144px;margin-left: calc(-4% \/ 2 );margin-right: calc(-4% \/ 2 );\"><div class=\"fusion-layout-column fusion_builder_column fusion-builder-column-6 fusion_builder_column_1_1 1_1 fusion-flex-column fusion-flex-align-self-flex-start fusion-column-no-min-height\" style=\"--awb-bg-size:cover;--awb-width-large:100%;--awb-margin-top-large:0px;--awb-spacing-right-large:1.92%;--awb-margin-bottom-large:0px;--awb-spacing-left-large:1.92%;--awb-width-medium:100%;--awb-spacing-right-medium:1.92%;--awb-spacing-left-medium:1.92%;--awb-width-small:100%;--awb-spacing-right-small:1.92%;--awb-spacing-left-small:1.92%;\"><div class=\"fusion-column-wrapper fusion-flex-justify-content-flex-start fusion-content-layout-column\"><div class=\"fusion-title title fusion-title-3 fusion-title-text fusion-title-size-three\"><div class=\"title-sep-container title-sep-container-left fusion-no-large-visibility fusion-no-medium-visibility fusion-no-small-visibility\"><div class=\"title-sep sep-double sep-solid\" style=\"border-color:#e0dede;\"><\/div><\/div><span class=\"awb-title-spacer fusion-no-large-visibility fusion-no-medium-visibility fusion-no-small-visibility\"><\/span><h3 class=\"fusion-title-heading title-heading-left fusion-responsive-typography-calculated\" style=\"margin:0;--fontSize:16;--minFontSize:16;line-height:1.5;\">Segurtasun-kameretako tipoak<\/h3><span class=\"awb-title-spacer\"><\/span><div class=\"title-sep-container title-sep-container-right\"><div class=\"title-sep sep-double sep-solid\" style=\"border-color:#e0dede;\"><\/div><\/div><\/div><\/div><\/div><div class=\"fusion-layout-column fusion_builder_column fusion-builder-column-7 fusion_builder_column_2_5 2_5 fusion-flex-column\" style=\"--awb-bg-size:cover;--awb-width-large:40%;--awb-margin-top-large:0px;--awb-spacing-right-large:3.84%;--awb-margin-bottom-large:20px;--awb-spacing-left-large:4.8%;--awb-width-medium:40%;--awb-spacing-right-medium:3.84%;--awb-spacing-left-medium:4.8%;--awb-width-small:100%;--awb-spacing-right-small:1.92%;--awb-spacing-left-small:1.92%;\"><div class=\"fusion-column-wrapper fusion-flex-justify-content-flex-start fusion-content-layout-column\"><div class=\"fusion-text fusion-text-4\"><p>Kameretako eta sailkapenetako tipo desberdinak daude, eman nahi zaien erabileraren arabera aukeratu behar izanez :<\/p>\n<ul>\n<li>IPa Kamerak<\/li>\n<li>CCTV-a Kamerak<\/li>\n<li>Gau-ikuspegiarekiko kamerak<\/li>\n<li>Barneetarako kamerak<\/li>\n<li>Kanpokoetarako kamerak<\/li>\n<li>Kamerak espioia edo ezkutuak<\/li>\n<li>Mugimenduarekiko kamerak<\/li>\n<li>Soinuarekiko kamerak<\/li>\n<li>etab.<\/li>\n<\/ul>\n<\/div><\/div><\/div><div class=\"fusion-layout-column fusion_builder_column fusion-builder-column-8 fusion_builder_column_3_5 3_5 fusion-flex-column\" style=\"--awb-bg-size:cover;--awb-width-large:60%;--awb-margin-top-large:0px;--awb-spacing-right-large:3.2%;--awb-margin-bottom-large:20px;--awb-spacing-left-large:3.84%;--awb-width-medium:60%;--awb-spacing-right-medium:3.2%;--awb-spacing-left-medium:3.84%;--awb-width-small:100%;--awb-spacing-right-small:1.92%;--awb-spacing-left-small:1.92%;\"><div class=\"fusion-column-wrapper fusion-flex-justify-content-flex-start fusion-content-layout-column\"><div class=\"fusion-image-element \" style=\"--awb-caption-title-font-family:var(--h2_typography-font-family);--awb-caption-title-font-weight:var(--h2_typography-font-weight);--awb-caption-title-font-style:var(--h2_typography-font-style);--awb-caption-title-size:var(--h2_typography-font-size);--awb-caption-title-transform:var(--h2_typography-text-transform);--awb-caption-title-line-height:var(--h2_typography-line-height);--awb-caption-title-letter-spacing:var(--h2_typography-letter-spacing);\"><span class=\" fusion-imageframe imageframe-none imageframe-2 hover-type-none\"><img decoding=\"async\" alt=\"c\u00e1maras de videovigilancia\" src=\"https:\/\/mafertelecom.com\/wp-content\/uploads\/tipos-camaras-videovigilancia.jpg\" class=\"img-responsive\"\/><\/span><\/div><\/div><\/div><div class=\"fusion-layout-column fusion_builder_column fusion-builder-column-9 fusion_builder_column_1_1 1_1 fusion-flex-column fusion-flex-align-self-flex-start fusion-column-no-min-height\" style=\"--awb-bg-size:cover;--awb-width-large:100%;--awb-margin-top-large:0px;--awb-spacing-right-large:1.92%;--awb-margin-bottom-large:0px;--awb-spacing-left-large:1.92%;--awb-width-medium:100%;--awb-spacing-right-medium:1.92%;--awb-spacing-left-medium:1.92%;--awb-width-small:100%;--awb-spacing-right-small:1.92%;--awb-spacing-left-small:1.92%;\"><div class=\"fusion-column-wrapper fusion-flex-justify-content-flex-start fusion-content-layout-column\"><div class=\"fusion-text fusion-text-5\"><p>Aholkatzen dugu bere beharren arabera segurtasun kameraren edo bere komunitatearen aukeran. Segurtasun-kameretan eta bideozaintzan azken teknologia daukagu, antenarako, atezainarentzat edo videoportero-etarako baterako mantenuko, eta bere komunitatearen segurtasun kameretako zerbitzua hari eskaini ahal izanez.<\/p>\n<\/div><\/div><\/div><\/div><\/div><\/p>\n","protected":false},"excerpt":{"rendered":"","protected":false},"author":1,"featured_media":0,"parent":0,"menu_order":0,"comment_status":"closed","ping_status":"closed","template":"","meta":{"_et_pb_use_builder":"","_et_pb_old_content":"","_et_gb_content_width":""},"yoast_head":"<!-- This site is optimized with the Yoast SEO plugin v21.8.1 - https:\/\/yoast.com\/wordpress\/plugins\/seo\/ -->\n<title>Bideozaintza_antigua - Bilbao | Mafer Telecomunicaciones<\/title>\n<meta name=\"robots\" content=\"index, follow, max-snippet:-1, max-image-preview:large, max-video-preview:-1\" \/>\n<link rel=\"canonical\" href=\"https:\/\/www.mafertelecom.com\/eu\/bideozaintza-2-2\/\" \/>\n<meta property=\"og:locale\" content=\"en_US\" \/>\n<meta property=\"og:type\" content=\"article\" \/>\n<meta property=\"og:title\" content=\"Bideozaintza_antigua - Bilbao | Mafer Telecomunicaciones\" \/>\n<meta property=\"og:url\" content=\"https:\/\/www.mafertelecom.com\/eu\/bideozaintza-2-2\/\" \/>\n<meta property=\"og:site_name\" content=\"Bilbao | Mafer Telecomunicaciones\" \/>\n<meta property=\"article:modified_time\" content=\"2023-07-26T06:15:53+00:00\" \/>\n<meta property=\"og:image\" content=\"https:\/\/mafertelecom.com\/wp-content\/uploads\/videovigilancia.jpg\" \/>\n<meta name=\"twitter:card\" content=\"summary_large_image\" \/>\n<meta name=\"twitter:label1\" content=\"Est. reading time\" \/>\n\t<meta name=\"twitter:data1\" content=\"7 minutua\" \/>\n<script type=\"application\/ld+json\" class=\"yoast-schema-graph\">{\"@context\":\"https:\/\/schema.org\",\"@graph\":[{\"@type\":\"WebPage\",\"@id\":\"https:\/\/www.mafertelecom.com\/eu\/bideozaintza-2-2\/\",\"url\":\"https:\/\/www.mafertelecom.com\/eu\/bideozaintza-2-2\/\",\"name\":\"Bideozaintza_antigua - Bilbao | Mafer Telecomunicaciones\",\"isPartOf\":{\"@id\":\"https:\/\/www.mafertelecom.com\/#website\"},\"datePublished\":\"2016-10-20T08:06:42+00:00\",\"dateModified\":\"2023-07-26T06:15:53+00:00\",\"breadcrumb\":{\"@id\":\"https:\/\/www.mafertelecom.com\/eu\/bideozaintza-2-2\/#breadcrumb\"},\"inLanguage\":\"eu\",\"potentialAction\":[{\"@type\":\"ReadAction\",\"target\":[\"https:\/\/www.mafertelecom.com\/eu\/bideozaintza-2-2\/\"]}]},{\"@type\":\"BreadcrumbList\",\"@id\":\"https:\/\/www.mafertelecom.com\/eu\/bideozaintza-2-2\/#breadcrumb\",\"itemListElement\":[{\"@type\":\"ListItem\",\"position\":1,\"name\":\"Portada\",\"item\":\"https:\/\/www.mafertelecom.com\/eu\/\"},{\"@type\":\"ListItem\",\"position\":2,\"name\":\"Bideozaintza_antigua\"}]},{\"@type\":\"WebSite\",\"@id\":\"https:\/\/www.mafertelecom.com\/#website\",\"url\":\"https:\/\/www.mafertelecom.com\/\",\"name\":\"Bilbao | Mafer Telecomunicaciones\",\"description\":\"Instalaci\u00f3n y mantenimiento de antenas, porteros autom\u00e1ticos, videoporteros y c\u00e1maras de seguridad. Antenistas en Bilbao y Bizkaia.\",\"potentialAction\":[{\"@type\":\"SearchAction\",\"target\":{\"@type\":\"EntryPoint\",\"urlTemplate\":\"https:\/\/www.mafertelecom.com\/?s={search_term_string}\"},\"query-input\":\"required name=search_term_string\"}],\"inLanguage\":\"eu\"}]}<\/script>\n<!-- \/ Yoast SEO plugin. -->","yoast_head_json":{"title":"Bideozaintza_antigua - Bilbao | Mafer Telecomunicaciones","robots":{"index":"index","follow":"follow","max-snippet":"max-snippet:-1","max-image-preview":"max-image-preview:large","max-video-preview":"max-video-preview:-1"},"canonical":"https:\/\/www.mafertelecom.com\/eu\/bideozaintza-2-2\/","og_locale":"en_US","og_type":"article","og_title":"Bideozaintza_antigua - Bilbao | Mafer Telecomunicaciones","og_url":"https:\/\/www.mafertelecom.com\/eu\/bideozaintza-2-2\/","og_site_name":"Bilbao | Mafer Telecomunicaciones","article_modified_time":"2023-07-26T06:15:53+00:00","og_image":[{"url":"https:\/\/mafertelecom.com\/wp-content\/uploads\/videovigilancia.jpg"}],"twitter_card":"summary_large_image","twitter_misc":{"Est. reading time":"7 minutua"},"schema":{"@context":"https:\/\/schema.org","@graph":[{"@type":"WebPage","@id":"https:\/\/www.mafertelecom.com\/eu\/bideozaintza-2-2\/","url":"https:\/\/www.mafertelecom.com\/eu\/bideozaintza-2-2\/","name":"Bideozaintza_antigua - Bilbao | Mafer Telecomunicaciones","isPartOf":{"@id":"https:\/\/www.mafertelecom.com\/#website"},"datePublished":"2016-10-20T08:06:42+00:00","dateModified":"2023-07-26T06:15:53+00:00","breadcrumb":{"@id":"https:\/\/www.mafertelecom.com\/eu\/bideozaintza-2-2\/#breadcrumb"},"inLanguage":"eu","potentialAction":[{"@type":"ReadAction","target":["https:\/\/www.mafertelecom.com\/eu\/bideozaintza-2-2\/"]}]},{"@type":"BreadcrumbList","@id":"https:\/\/www.mafertelecom.com\/eu\/bideozaintza-2-2\/#breadcrumb","itemListElement":[{"@type":"ListItem","position":1,"name":"Portada","item":"https:\/\/www.mafertelecom.com\/eu\/"},{"@type":"ListItem","position":2,"name":"Bideozaintza_antigua"}]},{"@type":"WebSite","@id":"https:\/\/www.mafertelecom.com\/#website","url":"https:\/\/www.mafertelecom.com\/","name":"Bilbao | Mafer Telecomunicaciones","description":"Instalaci\u00f3n y mantenimiento de antenas, porteros autom\u00e1ticos, videoporteros y c\u00e1maras de seguridad. Antenistas en Bilbao y Bizkaia.","potentialAction":[{"@type":"SearchAction","target":{"@type":"EntryPoint","urlTemplate":"https:\/\/www.mafertelecom.com\/?s={search_term_string}"},"query-input":"required name=search_term_string"}],"inLanguage":"eu"}]}},"_links":{"self":[{"href":"https:\/\/www.mafertelecom.com\/eu\/wp-json\/wp\/v2\/pages\/532"}],"collection":[{"href":"https:\/\/www.mafertelecom.com\/eu\/wp-json\/wp\/v2\/pages"}],"about":[{"href":"https:\/\/www.mafertelecom.com\/eu\/wp-json\/wp\/v2\/types\/page"}],"author":[{"embeddable":true,"href":"https:\/\/www.mafertelecom.com\/eu\/wp-json\/wp\/v2\/users\/1"}],"replies":[{"embeddable":true,"href":"https:\/\/www.mafertelecom.com\/eu\/wp-json\/wp\/v2\/comments?post=532"}],"version-history":[{"count":2,"href":"https:\/\/www.mafertelecom.com\/eu\/wp-json\/wp\/v2\/pages\/532\/revisions"}],"predecessor-version":[{"id":3832,"href":"https:\/\/www.mafertelecom.com\/eu\/wp-json\/wp\/v2\/pages\/532\/revisions\/3832"}],"wp:attachment":[{"href":"https:\/\/www.mafertelecom.com\/eu\/wp-json\/wp\/v2\/media?parent=532"}],"curies":[{"name":"wp","href":"https:\/\/api.w.org\/{rel}","templated":true}]}}