{"id":3585,"date":"2023-07-21T12:47:24","date_gmt":"2023-07-21T10:47:24","guid":{"rendered":"https:\/\/www.mafertelecom.com\/kontaktua-2\/"},"modified":"2023-08-11T11:40:16","modified_gmt":"2023-08-11T09:40:16","slug":"kontaktua","status":"publish","type":"page","link":"https:\/\/www.mafertelecom.com\/eu\/kontaktua\/","title":{"rendered":"Kontaktua"},"content":{"rendered":"<p>[et_pb_section fb_built=&#8221;1&#8243; next_background_color=&#8221;#ffffff&#8221; admin_label=&#8221;Header&#8221; _builder_version=&#8221;4.21.0&#8243; _module_preset=&#8221;default&#8221; background_color=&#8221;rgba(43,43,43,0.93)&#8221; background_image=&#8221;https:\/\/www.mafertelecom.com\/wp-content\/uploads\/shapelined-_JBKdviweXI-unsplash-scaled.jpg&#8221; background_blend=&#8221;multiply&#8221; custom_padding=&#8221;||0px||false|false&#8221; bottom_divider_style=&#8221;mountains&#8221; locked=&#8221;off&#8221; collapsed=&#8221;off&#8221; global_colors_info=&#8221;{}&#8221;][et_pb_row _builder_version=&#8221;4.21.0&#8243; _module_preset=&#8221;default&#8221; global_colors_info=&#8221;{}&#8221;][et_pb_column type=&#8221;4_4&#8243; _builder_version=&#8221;4.21.0&#8243; _module_preset=&#8221;default&#8221; global_colors_info=&#8221;{}&#8221;][lwp_divi_breadcrumbs home_text=&#8221;Inicio&#8221; font_icon=&#8221;&#x35;||divi||400&#8243; _builder_version=&#8221;4.21.0&#8243; _module_preset=&#8221;default&#8221; module_font=&#8221;Open Sans|500|||||||&#8221; module_text_align=&#8221;left&#8221; module_text_color=&#8221;#FFFFFF&#8221; module_font_size=&#8221;16px&#8221; module_letter_spacing=&#8221;0.12em&#8221; text_orientation=&#8221;left&#8221; custom_margin=&#8221;-25px||||false|false&#8221; locked=&#8221;off&#8221; global_colors_info=&#8221;{}&#8221;][\/lwp_divi_breadcrumbs][et_pb_text _builder_version=&#8221;4.21.0&#8243; _module_preset=&#8221;037a0f05-32ed-4508-817a-f0829582eaa8&#8243; header_font=&#8221;Mulish|800|||||||&#8221; header_font_size=&#8221;60px&#8221; header_text_align_tablet=&#8221;&#8221; header_text_align_phone=&#8221;&#8221; header_text_align_last_edited=&#8221;on|tablet&#8221; header_font_size_tablet=&#8221;&#8221; header_font_size_phone=&#8221;35px&#8221; header_font_size_last_edited=&#8221;on|phone&#8221; locked=&#8221;off&#8221; global_colors_info=&#8221;{}&#8221;]<\/p>\n<h1 data-fontsize=\"60\" style=\"--fontsize: 60; line-height: 1;\" data-lineheight=\"60px\" class=\"\">Kontaktua<\/h1>\n<p>[\/et_pb_text][et_pb_text _builder_version=&#8221;4.21.0&#8243; _module_preset=&#8221;a8c99ae5-f56b-4c4a-8acf-d3d76df0f6e1&#8243; text_text_color=&#8221;#FFFFFF&#8221; width=&#8221;67%&#8221; custom_margin=&#8221;|0px|30px||false|false&#8221; custom_margin_tablet=&#8221;|0px|30px||false|false&#8221; custom_margin_phone=&#8221;|-20px|||false|false&#8221; custom_margin_last_edited=&#8221;on|phone&#8221; custom_padding=&#8221;|0px||||&#8221; locked=&#8221;off&#8221; global_colors_info=&#8221;{}&#8221;]<\/p>\n<p>Informazioa eskatzen du atezainak, bideo-atezainak, antenak eta bideozaintzako sistemak instalatu, konpondu eta mantentzeko zerbitzuei buruz.<\/p>\n<p>[\/et_pb_text][\/et_pb_column][\/et_pb_row][et_pb_row column_structure=&#8221;2_5,3_5&#8243; _builder_version=&#8221;4.21.0&#8243; _module_preset=&#8221;default&#8221; custom_margin=&#8221;0px||||false|false&#8221; custom_padding=&#8221;||0px||false|false&#8221; module_alignment_tablet=&#8221;&#8221; module_alignment_phone=&#8221;center&#8221; module_alignment_last_edited=&#8221;on|phone&#8221; locked=&#8221;off&#8221; global_colors_info=&#8221;{}&#8221;][et_pb_column type=&#8221;2_5&#8243; _builder_version=&#8221;4.19.0&#8243; _module_preset=&#8221;default&#8221; global_colors_info=&#8221;{}&#8221;][\/et_pb_column][et_pb_column type=&#8221;3_5&#8243; _builder_version=&#8221;4.21.0&#8243; _module_preset=&#8221;default&#8221; background_color=&#8221;#000000&#8243; custom_padding=&#8221;30px|30px|30px|30px|true|true&#8221; custom_padding_tablet=&#8221;30px|30px|30px|30px|true|true&#8221; custom_padding_phone=&#8221;20px|20px|20px|20px|true|true&#8221; custom_padding_last_edited=&#8221;on|desktop&#8221; global_colors_info=&#8221;{}&#8221;][et_pb_text _builder_version=&#8221;4.21.0&#8243; _module_preset=&#8221;07ec51f1-37eb-4e8e-8d18-ccaf889ff879&#8243; text_font=&#8221;Mulish||||||||&#8221; text_text_color=&#8221;#FFFFFF&#8221; text_font_size=&#8221;19px&#8221; header_6_font=&#8221;Mulish||||||||&#8221; header_6_font_size=&#8221;22px&#8221; text_orientation_tablet=&#8221;&#8221; text_orientation_phone=&#8221;center&#8221; text_orientation_last_edited=&#8221;on|phone&#8221; global_colors_info=&#8221;{}&#8221;]<\/p>\n<p>DEIAK JASOTZEKO <strong>24 ORDU \/ 365 EGUN<\/strong><\/p>\n<p>[\/et_pb_text][et_pb_text disabled_on=&#8221;on|off|off&#8221; _builder_version=&#8221;4.21.0&#8243; _module_preset=&#8221;d84927bf-4e48-4041-a246-65236c864748&#8243; text_font=&#8221;Mulish|800|||||||&#8221; text_text_color=&#8221;#FFFFFF&#8221; text_font_size=&#8221;40px&#8221; text_line_height=&#8221;1.9em&#8221; header_3_font=&#8221;Mulish|800|||||||&#8221; header_3_font_size=&#8221;40px&#8221; global_colors_info=&#8221;{}&#8221;]<\/p>\n<p>944 476 364<\/p>\n<p>[\/et_pb_text][et_pb_button button_url=&#8221;tel:+34944476364&#8243; button_text=&#8221;Deitu orain&#8221; button_alignment=&#8221;center&#8221; disabled_on=&#8221;off|on|on&#8221; _builder_version=&#8221;4.21.0&#8243; _module_preset=&#8221;8f0187fa-4524-464f-918b-240476dd76cd&#8221; button_text_size=&#8221;12px&#8221; button_bg_color=&#8221;#E02B20&#8243; custom_margin=&#8221;-35px|||0px|false|false&#8221; custom_margin_tablet=&#8221;-35px|||0px|false|false&#8221; custom_margin_phone=&#8221;20px||||false|false&#8221; custom_margin_last_edited=&#8221;on|phone&#8221; locked=&#8221;off&#8221; global_colors_info=&#8221;{}&#8221;][\/et_pb_button][et_pb_blurb url=&#8221;#Formulario&#8221; use_icon=&#8221;on&#8221; font_icon=&#8221;&#x22;||divi||400&#8243; icon_color=&#8221;#FFFFFF&#8221; image_icon_background_color=&#8221;#e01707&#8243; _builder_version=&#8221;4.21.0&#8243; _module_preset=&#8221;df877fad-07a4-4b89-b42e-9499ba0734d6&#8243; header_font=&#8221;Mulish|700|||||||&#8221; header_text_align=&#8221;center&#8221; header_text_color=&#8221;#000000&#8243; header_font_size=&#8221;17px&#8221; body_font=&#8221;Mulish|700|||||||&#8221; body_text_color=&#8221;#000000&#8243; body_line_height=&#8221;1.4em&#8221; image_icon_custom_margin=&#8221;||-28px||false|false&#8221; position_origin_a=&#8221;bottom_right&#8221; width=&#8221;150px&#8221; module_alignment=&#8221;right&#8221; custom_margin=&#8221;||-120px||false|false&#8221; link_option_url=&#8221;#&#8221; hover_enabled=&#8221;0&#8243; header_text_align_tablet=&#8221;center&#8221; header_text_align_phone=&#8221;center&#8221; header_text_align_last_edited=&#8221;on|tablet&#8221; border_color_all_image=&#8221;#FFFFFF&#8221; locked=&#8221;off&#8221; global_colors_info=&#8221;{%22gcid-233cd77b-4711-403e-b130-11d9e5b5d115%22:%91%22image_icon_background_color%22,%22header_text_color%22%93}&#8221; sticky_enabled=&#8221;0&#8243;]<\/p>\n<p>Harremanetarako formularioa<\/p>\n<p>[\/et_pb_blurb][\/et_pb_column][\/et_pb_row][\/et_pb_section][et_pb_section fb_built=&#8221;1&#8243; custom_padding_last_edited=&#8221;on|tablet&#8221; admin_label=&#8221;Features&#8221; _builder_version=&#8221;4.21.0&#8243; _module_preset=&#8221;default&#8221; background_enable_color=&#8221;off&#8221; background_enable_image=&#8221;off&#8221; background_blend=&#8221;multiply&#8221; custom_margin=&#8221;100px||100px||false|false&#8221; custom_margin_tablet=&#8221;100px||-200px||false|false&#8221; custom_margin_phone=&#8221;0px||-250px||false|false&#8221; custom_margin_last_edited=&#8221;on|phone&#8221; custom_padding=&#8221;||0px||false|false&#8221; custom_padding_tablet=&#8221;||250px||false|false&#8221; custom_padding_phone=&#8221;||250px||false|false&#8221; bottom_divider_style=&#8221;mountains&#8221; bottom_divider_color=&#8221;#FFFFFF&#8221; saved_tabs=&#8221;all&#8221; locked=&#8221;off&#8221; collapsed=&#8221;on&#8221; global_colors_info=&#8221;{}&#8221;][et_pb_row column_structure=&#8221;1_2,1_2&#8243; _builder_version=&#8221;4.21.0&#8243; _module_preset=&#8221;default&#8221; custom_margin=&#8221;0px||0px||false|false&#8221; global_colors_info=&#8221;{}&#8221;][et_pb_column type=&#8221;1_2&#8243; _builder_version=&#8221;4.21.0&#8243; _module_preset=&#8221;default&#8221; animation_style=&#8221;slide&#8221; animation_direction=&#8221;bottom&#8221; global_colors_info=&#8221;{}&#8221;][et_pb_image src=&#8221;https:\/\/www.mafertelecom.com\/wp-content\/uploads\/mafer-telecomunicaciones-1.jpg&#8221; alt=&#8221;Mafer&#8221; title_text=&#8221;Mafer Telecomunicaciones&#8221; _builder_version=&#8221;4.21.0&#8243; _module_preset=&#8221;default&#8221; custom_margin=&#8221;60px||||false|false&#8221; box_shadow_style=&#8221;preset3&#8243; global_colors_info=&#8221;{}&#8221;][\/et_pb_image][\/et_pb_column][et_pb_column type=&#8221;1_2&#8243; _builder_version=&#8221;4.21.0&#8243; _module_preset=&#8221;default&#8221; global_colors_info=&#8221;{}&#8221;][et_pb_text _builder_version=&#8221;4.21.0&#8243; _module_preset=&#8221;037a0f05-32ed-4508-817a-f0829582eaa8&#8243; header_font=&#8221;Mulish|800|||||||&#8221; header_text_color=&#8221;#e01707&#8243; header_font_size=&#8221;48px&#8221; custom_margin=&#8221;0px||||false|false&#8221; custom_margin_tablet=&#8221;20px||||false|false&#8221; custom_margin_phone=&#8221;0px||||false|false&#8221; custom_margin_last_edited=&#8221;on|phone&#8221; header_text_align_tablet=&#8221;&#8221; header_text_align_phone=&#8221;&#8221; header_text_align_last_edited=&#8221;on|tablet&#8221; header_font_size_tablet=&#8221;48px&#8221; header_font_size_phone=&#8221;25px&#8221; header_font_size_last_edited=&#8221;on|phone&#8221; locked=&#8221;off&#8221; global_colors_info=&#8221;{}&#8221;]<\/p>\n<h1 data-fontsize=\"60\" style=\"--fontsize: 60; line-height: 1;\" data-lineheight=\"60px\" class=\"fusion-responsive-typography-calculated\">MAFER Telecomunikazioak<\/h1>\n<p>[\/et_pb_text][et_pb_text _builder_version=&#8221;4.21.0&#8243; _module_preset=&#8221;default&#8221; text_font=&#8221;Open Sans||||||||&#8221; text_text_color=&#8221;#000000&#8243; custom_margin=&#8221;0px||||false|false&#8221; text_orientation_tablet=&#8221;&#8221; text_orientation_phone=&#8221;left&#8221; text_orientation_last_edited=&#8221;on|phone&#8221; locked=&#8221;off&#8221; global_colors_info=&#8221;{}&#8221;]Ram\u00f3n y Cajal Etorbidea, 70<br \/>\n48014 DEUSTU-BILBO Bizkaia[\/et_pb_text][et_pb_text _builder_version=&#8221;4.21.0&#8243; _module_preset=&#8221;default&#8221; text_font=&#8221;Open Sans|700|||||||&#8221; text_text_color=&#8221;#000000&#8243; text_font_size=&#8221;24px&#8221; custom_margin=&#8221;0px||||false|false&#8221; locked=&#8221;off&#8221; global_colors_info=&#8221;{}&#8221;]<\/p>\n<p>944 476 364<\/p>\n<p>[\/et_pb_text][et_pb_text _builder_version=&#8221;4.21.0&#8243; _module_preset=&#8221;default&#8221; text_font=&#8221;Open Sans||||||||&#8221; text_text_color=&#8221;#000000&#8243; custom_margin=&#8221;0px||||false|false&#8221; text_orientation_tablet=&#8221;&#8221; text_orientation_phone=&#8221;left&#8221; text_orientation_last_edited=&#8221;on|phone&#8221; locked=&#8221;off&#8221; global_colors_info=&#8221;{}&#8221;]<\/p>\n<p>Puntu estrategiko batean gaude, Bilbotik Enekuritik irtetean. Horren bidez, gure Laguntza Teknikoko Zerbitzu Mugikorra azkar joan daiteke Bilboko edozein tokitara eta inguruko udalerrietara.<\/p>\n<p>[\/et_pb_text][\/et_pb_column][\/et_pb_row][\/et_pb_section][et_pb_section fb_built=&#8221;1&#8243; fullwidth=&#8221;on&#8221; _builder_version=&#8221;4.21.0&#8243; _module_preset=&#8221;default&#8221; z_index=&#8221;0&#8243; custom_margin=&#8221;100px||||false|false&#8221; custom_margin_tablet=&#8221;||||false|false&#8221; custom_margin_phone=&#8221;||||false|false&#8221; custom_margin_last_edited=&#8221;on|tablet&#8221; global_colors_info=&#8221;{}&#8221;][et_pb_fullwidth_code _builder_version=&#8221;4.21.0&#8243; _module_preset=&#8221;default&#8221; global_colors_info=&#8221;{}&#8221;]<iframe src=\"https:\/\/www.google.com\/maps\/embed?pb=!1m18!1m12!1m3!1d1727.3003253502038!2d-2.9521896375580967!3d43.273186501579104!2m3!1f0!2f0!3f0!3m2!1i1024!2i768!4f13.1!3m3!1m2!1s0xd4e4fd876e1d013%3A0x8175bb69b051fae6!2sMAFER%20Antenas%2C%20Porteros%20y%20Videoporteros!5e0!3m2!1ses!2ses!4v1689935227330!5m2!1ses!2ses\" width=\"100%\" height=\"450\" style=\"border:0;\" allowfullscreen=\"\" loading=\"lazy\" referrerpolicy=\"no-referrer-when-downgrade\" title=\"Mapa con la ubicaci\u00f3n de Mafer Telecomunicaciones\"><\/iframe>[\/et_pb_fullwidth_code][\/et_pb_section][et_pb_section fb_built=&#8221;1&#8243; admin_label=&#8221;Call to Action&#8221; module_id=&#8221;Formulario&#8221; _builder_version=&#8221;4.21.0&#8243; _module_preset=&#8221;default&#8221; z_index=&#8221;999&#8243; custom_margin=&#8221;0px||50px||false|false&#8221; custom_padding=&#8221;||0px||false|false&#8221; locked=&#8221;off&#8221; collapsed=&#8221;on&#8221; global_colors_info=&#8221;{}&#8221;][et_pb_row use_custom_gutter=&#8221;on&#8221; gutter_width=&#8221;1&#8243; custom_padding_last_edited=&#8221;on|tablet&#8221; _builder_version=&#8221;4.21.0&#8243; _module_preset=&#8221;default&#8221; width=&#8221;65%&#8221; width_tablet=&#8221;80%&#8221; width_phone=&#8221;100%&#8221; width_last_edited=&#8221;on|phone&#8221; max_width=&#8221;1800px&#8221; custom_margin=&#8221;-150px||||false|false&#8221; custom_margin_last_edited=&#8221;off|phone&#8221; custom_padding_tablet=&#8221;&#8221; custom_padding_phone=&#8221;0px|0px|0px|0px|false|false&#8221; locked=&#8221;off&#8221; global_colors_info=&#8221;{}&#8221;][et_pb_column type=&#8221;4_4&#8243; _builder_version=&#8221;4.21.0&#8243; _module_preset=&#8221;default&#8221; background_color=&#8221;rgba(0,0,0,0.42)&#8221; background_image=&#8221;https:\/\/www.mafertelecom.com\/wp-content\/uploads\/contacto2.jpg&#8221; background_blend=&#8221;multiply&#8221; custom_padding=&#8221;80px|60px|80px|60px|true|true&#8221; border_radii=&#8221;on|20px|20px|20px|20px&#8221; global_colors_info=&#8221;{}&#8221;][et_pb_text _builder_version=&#8221;4.21.0&#8243; _module_preset=&#8221;cb0b5edb-1b38-4d22-acef-acddddfbaf9b&#8221; text_font=&#8221;Mulish|800|||||||&#8221; text_text_color=&#8221;#FFFFFF&#8221; text_font_size=&#8221;38px&#8221; text_line_height=&#8221;1.2em&#8221; header_2_text_color=&#8221;#FFFFFF&#8221; header_2_font_size=&#8221;30px&#8221; text_orientation=&#8221;center&#8221; width=&#8221;70%&#8221; width_tablet=&#8221;70%&#8221; width_phone=&#8221;95%&#8221; width_last_edited=&#8221;on|phone&#8221; module_alignment=&#8221;center&#8221; text_font_size_tablet=&#8221;48px&#8221; text_font_size_phone=&#8221;24px&#8221; text_font_size_last_edited=&#8221;on|tablet&#8221; header_2_font_size_tablet=&#8221;25px&#8221; header_2_font_size_phone=&#8221;18px&#8221; header_2_font_size_last_edited=&#8221;on|phone&#8221; locked=&#8221;off&#8221; global_colors_info=&#8221;{}&#8221;]<\/p>\n<p>Gure instalazio-, konponketa- eta mantentze-zerbitzuei buruzko informazioa<\/p>\n<p>[\/et_pb_text][et_pb_text _builder_version=&#8221;4.21.0&#8243; _module_preset=&#8221;a8c99ae5-f56b-4c4a-8acf-d3d76df0f6e1&#8243; text_text_color=&#8221;#FFFFFF&#8221; background_color=&#8221;RGBA(255,255,255,0)&#8221; width=&#8221;70%&#8221; width_tablet=&#8221;70%&#8221; width_phone=&#8221;95%&#8221; width_last_edited=&#8221;on|phone&#8221; module_alignment=&#8221;center&#8221; custom_margin=&#8221;15px||||false|false&#8221; locked=&#8221;off&#8221; global_colors_info=&#8221;{}&#8221;]<\/p>\n\n<div class=\"wpcf7 no-js\" id=\"wpcf7-f7-o1\" lang=\"es-ES\" dir=\"ltr\">\n<div class=\"screen-reader-response\"><p role=\"status\" aria-live=\"polite\" aria-atomic=\"true\"><\/p> <ul><\/ul><\/div>\n<form action=\"\/eu\/wp-json\/wp\/v2\/pages\/3585#wpcf7-f7-o1\" method=\"post\" class=\"wpcf7-form init wpcf7-acceptance-as-validation\" aria-label=\"Formulario de contacto\" novalidate=\"novalidate\" data-status=\"init\">\n<div style=\"display: none;\">\n<input type=\"hidden\" name=\"_wpcf7\" value=\"7\" \/>\n<input type=\"hidden\" name=\"_wpcf7_version\" value=\"5.8\" \/>\n<input type=\"hidden\" name=\"_wpcf7_locale\" value=\"es_ES\" \/>\n<input type=\"hidden\" name=\"_wpcf7_unit_tag\" value=\"wpcf7-f7-o1\" \/>\n<input type=\"hidden\" name=\"_wpcf7_container_post\" value=\"0\" \/>\n<input type=\"hidden\" name=\"_wpcf7_posted_data_hash\" value=\"\" \/>\n<\/div>\n<div class=\"nombreformulario\">\n\t<p style=\"width:100%\"><span class=\"wpcf7-form-control-wrap\" data-name=\"your-name\"><input size=\"40\" class=\"wpcf7-form-control wpcf7-text wpcf7-validates-as-required\" aria-required=\"true\" aria-invalid=\"false\" placeholder=\"Su nombre\" value=\"\" type=\"text\" name=\"your-name\" \/><\/span>\n\t<\/p>\n<\/div>\n<div class=\"campoformulario\">\n\t<p><span class=\"wpcf7-form-control-wrap\" data-name=\"your-email\"><input size=\"40\" class=\"wpcf7-form-control wpcf7-email wpcf7-validates-as-required wpcf7-text wpcf7-validates-as-email\" aria-required=\"true\" aria-invalid=\"false\" placeholder=\"Su email\" value=\"\" type=\"email\" name=\"your-email\" \/><\/span>\n\t<\/p>\n<\/div>\n<div class=\"campoformulario\">\n\t<p><span class=\"wpcf7-form-control-wrap\" data-name=\"tel-31\"><input size=\"40\" class=\"wpcf7-form-control wpcf7-tel wpcf7-validates-as-required wpcf7-text wpcf7-validates-as-tel\" aria-required=\"true\" aria-invalid=\"false\" placeholder=\"Su tel\u00e9fono\" value=\"\" type=\"tel\" name=\"tel-31\" \/><\/span>\n\t<\/p>\n<\/div>\n<div class=\"textoformulario\">\n\t<p><span class=\"wpcf7-form-control-wrap\" data-name=\"your-message\"><textarea cols=\"40\" rows=\"10\" class=\"wpcf7-form-control wpcf7-textarea\" aria-invalid=\"false\" placeholder=\"Su mensaje\" name=\"your-message\"><\/textarea><\/span>\n\t<\/p>\n<\/div>\n<p><label style =\"color:#FFF;\"><span class=\"wpcf7-form-control-wrap\" data-name=\"acceptance-50\"><span class=\"wpcf7-form-control wpcf7-acceptance\"><span class=\"wpcf7-list-item\"><input type=\"checkbox\" name=\"acceptance-50\" value=\"1\" aria-invalid=\"false\" \/><\/span><\/span><\/span> He le\u00eddo y acepto la <a style=\"color:#e01707;\" href=\"https:\/\/www.mafertelecom.com\/politica-de-privacidad\/\">Pol\u00edtica de privacidad<\/a><\/label>\n<\/p>\n<p style =\"color:#FFF;\"> Esta informaci\u00f3n no ser\u00e1 utilizada para fines publicitarios. \u00danicamente utilizaremos sus datos para responder a su consulta.\n<\/p>\n<p title=\"Enviar mensaje\"><input class=\"wpcf7-form-control wpcf7-submit has-spinner\" type=\"submit\" value=\"Enviar\" \/>\n<\/p><p style=\"display: none !important;\" class=\"akismet-fields-container\" data-prefix=\"_wpcf7_ak_\"><label>&#916;<textarea name=\"_wpcf7_ak_hp_textarea\" cols=\"45\" rows=\"8\" maxlength=\"100\"><\/textarea><\/label><input type=\"hidden\" id=\"ak_js_1\" name=\"_wpcf7_ak_js\" value=\"17\"\/><script>document.getElementById( \"ak_js_1\" ).setAttribute( \"value\", ( new Date() ).getTime() );<\/script><\/p><div class=\"wpcf7-response-output\" aria-hidden=\"true\"><\/div>\n<\/form>\n<\/div>\n\n<p>[\/et_pb_text][\/et_pb_column][\/et_pb_row][\/et_pb_section]<\/p>\n","protected":false},"excerpt":{"rendered":"<p><div class=\"et_pb_module lwp_divi_breadcrumbs lwp_divi_breadcrumbs_0\">\n\t\t\t\t\n\t\t\t\t\n\t\t\t\t\n\t\t\t\t\n\t\t\t\t\n\t\t\t\t\n\t\t\t\t<div class=\"et_pb_module_inner\">\n\t\t\t\t\t<div class=\"lwp-breadcrumbs\"> <span class=\"before\"><\/span> <span vocab=\"https:\/\/schema.org\/\" typeof=\"BreadcrumbList\"><span property=\"itemListElement\" typeof=\"ListItem\"><a property=\"item\" typeof=\"WebPage\" href=\"https:\/\/www.mafertelecom.com\/eu\/\" class=\"home\"><span property=\"name\">Inicio<\/span><\/a><meta property=\"position\" content=\"1\"><\/span> <span class=\"separator et-pb-icon\">&#x35;<\/span> <\/span><\/div>\n\t\t\t\t<\/div>\n\t\t\t<\/div>KontaktuaInformazioa eskatzen du atezainak, bideo-atezainak, antenak eta bideozaintzako sistemak instalatu, konpondu eta mantentzeko zerbitzuei buruz.DEIAK JASOTZEKO 24 ORDU \/ 365 EGUN944 476 364Harremanetarako formularioaMAFER TelecomunikazioakRam\u00f3n y Cajal Etorbidea, 70 48014 DEUSTU-BILBO Bizkaia944 476 364Puntu estrategiko batean gaude, Bilbotik Enekuritik irtetean. Horren [&hellip;]<\/p>\n","protected":false},"author":5,"featured_media":0,"parent":0,"menu_order":0,"comment_status":"closed","ping_status":"closed","template":"","meta":{"_et_pb_use_builder":"on","_et_pb_old_content":"","_et_gb_content_width":""},"yoast_head":"<!-- This site is optimized with the Yoast SEO plugin v21.8.1 - https:\/\/yoast.com\/wordpress\/plugins\/seo\/ -->\n<title>Bilboko Telekomunikazio Maferrekin harremanetan jartzeko datuak<\/title>\n<meta name=\"description\" content=\"Bilboko Mafer Telekomunikazioak Antenak, atezain automatikoak, bideo-atezainak, bideo-zaintzako eta segurtasuneko kamerak instalatu eta mantentzea.\" \/>\n<meta name=\"robots\" content=\"index, follow, max-snippet:-1, max-image-preview:large, max-video-preview:-1\" \/>\n<link rel=\"canonical\" href=\"https:\/\/www.mafertelecom.com\/contacto\/\" \/>\n<meta property=\"og:locale\" content=\"en_US\" \/>\n<meta property=\"og:type\" content=\"article\" \/>\n<meta property=\"og:title\" content=\"Bilboko Telekomunikazio Maferrekin harremanetan jartzeko datuak\" \/>\n<meta property=\"og:description\" content=\"Bilboko Mafer Telekomunikazioak Antenak, atezain automatikoak, bideo-atezainak, bideo-zaintzako eta segurtasuneko kamerak instalatu eta mantentzea.\" \/>\n<meta property=\"og:url\" content=\"https:\/\/www.mafertelecom.com\/contacto\/\" \/>\n<meta property=\"og:site_name\" content=\"Bilbao | Mafer Telecomunicaciones\" \/>\n<meta property=\"article:modified_time\" content=\"2023-08-11T09:40:16+00:00\" \/>\n<meta name=\"twitter:card\" content=\"summary_large_image\" \/>\n<meta name=\"twitter:label1\" content=\"Est. reading time\" \/>\n\t<meta name=\"twitter:data1\" content=\"7 minutua\" \/>\n<script type=\"application\/ld+json\" class=\"yoast-schema-graph\">{\"@context\":\"https:\/\/schema.org\",\"@graph\":[{\"@type\":\"WebPage\",\"@id\":\"https:\/\/www.mafertelecom.com\/contacto\/\",\"url\":\"https:\/\/www.mafertelecom.com\/contacto\/\",\"name\":\"Bilboko Telekomunikazio Maferrekin harremanetan jartzeko datuak\",\"isPartOf\":{\"@id\":\"https:\/\/www.mafertelecom.com\/#website\"},\"datePublished\":\"2023-07-21T10:47:24+00:00\",\"dateModified\":\"2023-08-11T09:40:16+00:00\",\"description\":\"Bilboko Mafer Telekomunikazioak Antenak, atezain automatikoak, bideo-atezainak, bideo-zaintzako eta segurtasuneko kamerak instalatu eta mantentzea.\",\"breadcrumb\":{\"@id\":\"https:\/\/www.mafertelecom.com\/contacto\/#breadcrumb\"},\"inLanguage\":\"eu\",\"potentialAction\":[{\"@type\":\"ReadAction\",\"target\":[\"https:\/\/www.mafertelecom.com\/contacto\/\"]}]},{\"@type\":\"BreadcrumbList\",\"@id\":\"https:\/\/www.mafertelecom.com\/contacto\/#breadcrumb\",\"itemListElement\":[{\"@type\":\"ListItem\",\"position\":1,\"name\":\"Portada\",\"item\":\"https:\/\/www.mafertelecom.com\/eu\/\"},{\"@type\":\"ListItem\",\"position\":2,\"name\":\"Kontaktua\"}]},{\"@type\":\"WebSite\",\"@id\":\"https:\/\/www.mafertelecom.com\/#website\",\"url\":\"https:\/\/www.mafertelecom.com\/\",\"name\":\"Bilbao | Mafer Telecomunicaciones\",\"description\":\"Instalaci\u00f3n y mantenimiento de antenas, porteros autom\u00e1ticos, videoporteros y c\u00e1maras de seguridad. Antenistas en Bilbao y Bizkaia.\",\"potentialAction\":[{\"@type\":\"SearchAction\",\"target\":{\"@type\":\"EntryPoint\",\"urlTemplate\":\"https:\/\/www.mafertelecom.com\/?s={search_term_string}\"},\"query-input\":\"required name=search_term_string\"}],\"inLanguage\":\"eu\"}]}<\/script>\n<!-- \/ Yoast SEO plugin. -->","yoast_head_json":{"title":"Bilboko Telekomunikazio Maferrekin harremanetan jartzeko datuak","description":"Bilboko Mafer Telekomunikazioak Antenak, atezain automatikoak, bideo-atezainak, bideo-zaintzako eta segurtasuneko kamerak instalatu eta mantentzea.","robots":{"index":"index","follow":"follow","max-snippet":"max-snippet:-1","max-image-preview":"max-image-preview:large","max-video-preview":"max-video-preview:-1"},"canonical":"https:\/\/www.mafertelecom.com\/contacto\/","og_locale":"en_US","og_type":"article","og_title":"Bilboko Telekomunikazio Maferrekin harremanetan jartzeko datuak","og_description":"Bilboko Mafer Telekomunikazioak Antenak, atezain automatikoak, bideo-atezainak, bideo-zaintzako eta segurtasuneko kamerak instalatu eta mantentzea.","og_url":"https:\/\/www.mafertelecom.com\/contacto\/","og_site_name":"Bilbao | Mafer Telecomunicaciones","article_modified_time":"2023-08-11T09:40:16+00:00","twitter_card":"summary_large_image","twitter_misc":{"Est. reading time":"7 minutua"},"schema":{"@context":"https:\/\/schema.org","@graph":[{"@type":"WebPage","@id":"https:\/\/www.mafertelecom.com\/contacto\/","url":"https:\/\/www.mafertelecom.com\/contacto\/","name":"Bilboko Telekomunikazio Maferrekin harremanetan jartzeko datuak","isPartOf":{"@id":"https:\/\/www.mafertelecom.com\/#website"},"datePublished":"2023-07-21T10:47:24+00:00","dateModified":"2023-08-11T09:40:16+00:00","description":"Bilboko Mafer Telekomunikazioak Antenak, atezain automatikoak, bideo-atezainak, bideo-zaintzako eta segurtasuneko kamerak instalatu eta mantentzea.","breadcrumb":{"@id":"https:\/\/www.mafertelecom.com\/contacto\/#breadcrumb"},"inLanguage":"eu","potentialAction":[{"@type":"ReadAction","target":["https:\/\/www.mafertelecom.com\/contacto\/"]}]},{"@type":"BreadcrumbList","@id":"https:\/\/www.mafertelecom.com\/contacto\/#breadcrumb","itemListElement":[{"@type":"ListItem","position":1,"name":"Portada","item":"https:\/\/www.mafertelecom.com\/eu\/"},{"@type":"ListItem","position":2,"name":"Kontaktua"}]},{"@type":"WebSite","@id":"https:\/\/www.mafertelecom.com\/#website","url":"https:\/\/www.mafertelecom.com\/","name":"Bilbao | Mafer Telecomunicaciones","description":"Instalaci\u00f3n y mantenimiento de antenas, porteros autom\u00e1ticos, videoporteros y c\u00e1maras de seguridad. Antenistas en Bilbao y Bizkaia.","potentialAction":[{"@type":"SearchAction","target":{"@type":"EntryPoint","urlTemplate":"https:\/\/www.mafertelecom.com\/?s={search_term_string}"},"query-input":"required name=search_term_string"}],"inLanguage":"eu"}]}},"_links":{"self":[{"href":"https:\/\/www.mafertelecom.com\/eu\/wp-json\/wp\/v2\/pages\/3585"}],"collection":[{"href":"https:\/\/www.mafertelecom.com\/eu\/wp-json\/wp\/v2\/pages"}],"about":[{"href":"https:\/\/www.mafertelecom.com\/eu\/wp-json\/wp\/v2\/types\/page"}],"author":[{"embeddable":true,"href":"https:\/\/www.mafertelecom.com\/eu\/wp-json\/wp\/v2\/users\/5"}],"replies":[{"embeddable":true,"href":"https:\/\/www.mafertelecom.com\/eu\/wp-json\/wp\/v2\/comments?post=3585"}],"version-history":[{"count":11,"href":"https:\/\/www.mafertelecom.com\/eu\/wp-json\/wp\/v2\/pages\/3585\/revisions"}],"predecessor-version":[{"id":4040,"href":"https:\/\/www.mafertelecom.com\/eu\/wp-json\/wp\/v2\/pages\/3585\/revisions\/4040"}],"wp:attachment":[{"href":"https:\/\/www.mafertelecom.com\/eu\/wp-json\/wp\/v2\/media?parent=3585"}],"curies":[{"name":"wp","href":"https:\/\/api.w.org\/{rel}","templated":true}]}}